{"id":981,"date":"2025-01-10T16:23:22","date_gmt":"2025-01-10T16:23:22","guid":{"rendered":"https:\/\/aemcs.pt\/site\/?page_id=981"},"modified":"2025-11-29T18:46:19","modified_gmt":"2025-11-29T18:46:19","slug":"projeto-parlamento-de-jovens","status":"publish","type":"page","link":"https:\/\/aemcs.pt\/site\/projeto-parlamento-de-jovens\/","title":{"rendered":"Projeto Parlamento de Jovens"},"content":{"rendered":"\t\t<div data-elementor-type=\"wp-page\" data-elementor-id=\"981\" class=\"elementor elementor-981\">\n\t\t\t\t<div class=\"elementor-element elementor-element-b7e1ac0 e-flex e-con-boxed e-con e-parent\" data-id=\"b7e1ac0\" data-element_type=\"container\" data-e-type=\"container\">\n\t\t\t\t\t<div class=\"e-con-inner\">\n\t\t\t\t<div class=\"elementor-element elementor-element-d7bcc1f elementor-widget elementor-widget-text-editor\" data-id=\"d7bcc1f\" data-element_type=\"widget\" data-e-type=\"widget\" data-widget_type=\"text-editor.default\">\n\t\t\t\t<div class=\"elementor-widget-container\">\n\t\t\t\t\t\t\t\t\t<p>Ano Letivo 2025\/2026<br \/>. <a href=\"https:\/\/aemcs.pt\/site\/wp-content\/uploads\/2025\/11\/CalendarioPJ_2025_2026-1.pdf\" target=\"_blank\" rel=\"noopener\">Calend\u00e1rio de a\u00e7\u00f5es | Edi\u00e7\u00e3o 2025\/2026<\/a><br \/>. <a href=\"https:\/\/aemcs.pt\/site\/wp-content\/uploads\/2025\/11\/PARLAMENTO-JOVEM-2026-momentos.pdf\" target=\"_blank\" rel=\"noopener\">Calend\u00e1rio AEMCS &#8211; Ensino B\u00e1sico \u2013 31.\u00aa edi\u00e7\u00e3o\u00a0<\/a><\/p><p>Ano Letivo 2024\/2025<br \/>. <a href=\"https:\/\/aemcs.pt\/site\/wp-content\/uploads\/2025\/01\/Parlamento_Jovens_Calendario_acoes_2024-2025.pdf\" target=\"_blank\" rel=\"noopener\">Calend\u00e1rio Geral de a\u00e7\u00f5es a desenvolver na Edi\u00e7\u00e3o 2024\/2025<\/a><br \/>. <a href=\"https:\/\/aemcs.pt\/site\/wp-content\/uploads\/2025\/01\/PARLAMENTO-JOVEM-2025-momentos.pdf\" target=\"_blank\" rel=\"noopener\">Calend\u00e1rio AEMCS &#8211; Ensino B\u00e1sico \u2013 30.\u00aa edi\u00e7\u00e3o<\/a><\/p>\t\t\t\t\t\t\t\t<\/div>\n\t\t\t\t<\/div>\n\t\t\t\t\t<\/div>\n\t\t\t\t<\/div>\n\t\t\t\t<\/div>\n\t\t","protected":false},"excerpt":{"rendered":"<p>Ano Letivo 2025\/2026. Calend\u00e1rio de a\u00e7\u00f5es | Edi\u00e7\u00e3o 2025\/2026. Calend\u00e1rio AEMCS &#8211; Ensino B\u00e1sico \u2013 31.\u00aa edi\u00e7\u00e3o\u00a0 Ano Letivo 2024\/2025. Calend\u00e1rio Geral de a\u00e7\u00f5es a desenvolver na Edi\u00e7\u00e3o 2024\/2025. Calend\u00e1rio AEMCS &#8211; Ensino B\u00e1sico \u2013 30.\u00aa edi\u00e7\u00e3o<\/p>\n","protected":false},"author":1,"featured_media":0,"parent":0,"menu_order":0,"comment_status":"closed","ping_status":"closed","template":"","meta":{"footnotes":""},"categories":[],"tags":[],"class_list":["post-981","page","type-page","status-publish","hentry"],"_links":{"self":[{"href":"https:\/\/aemcs.pt\/site\/wp-json\/wp\/v2\/pages\/981","targetHints":{"allow":["GET"]}}],"collection":[{"href":"https:\/\/aemcs.pt\/site\/wp-json\/wp\/v2\/pages"}],"about":[{"href":"https:\/\/aemcs.pt\/site\/wp-json\/wp\/v2\/types\/page"}],"author":[{"embeddable":true,"href":"https:\/\/aemcs.pt\/site\/wp-json\/wp\/v2\/users\/1"}],"replies":[{"embeddable":true,"href":"https:\/\/aemcs.pt\/site\/wp-json\/wp\/v2\/comments?post=981"}],"version-history":[{"count":10,"href":"https:\/\/aemcs.pt\/site\/wp-json\/wp\/v2\/pages\/981\/revisions"}],"predecessor-version":[{"id":2310,"href":"https:\/\/aemcs.pt\/site\/wp-json\/wp\/v2\/pages\/981\/revisions\/2310"}],"wp:attachment":[{"href":"https:\/\/aemcs.pt\/site\/wp-json\/wp\/v2\/media?parent=981"}],"wp:term":[{"taxonomy":"category","embeddable":true,"href":"https:\/\/aemcs.pt\/site\/wp-json\/wp\/v2\/categories?post=981"},{"taxonomy":"post_tag","embeddable":true,"href":"https:\/\/aemcs.pt\/site\/wp-json\/wp\/v2\/tags?post=981"}],"curies":[{"name":"wp","href":"https:\/\/api.w.org\/{rel}","templated":true}]}}