{"id":425,"date":"2024-12-30T17:32:03","date_gmt":"2024-12-30T17:32:03","guid":{"rendered":"https:\/\/aemcs.pt\/site\/?page_id=425"},"modified":"2026-01-26T14:05:29","modified_gmt":"2026-01-26T14:05:29","slug":"horarios-e-calendario-escolar","status":"publish","type":"page","link":"https:\/\/aemcs.pt\/site\/horarios-e-calendario-escolar\/","title":{"rendered":"Hor\u00e1rios e Calend\u00e1rio Escolar"},"content":{"rendered":"\t\t<div data-elementor-type=\"wp-page\" data-elementor-id=\"425\" class=\"elementor elementor-425\">\n\t\t\t\t<div class=\"elementor-element elementor-element-525c570 e-flex e-con-boxed e-con e-parent\" data-id=\"525c570\" data-element_type=\"container\" data-e-type=\"container\">\n\t\t\t\t\t<div class=\"e-con-inner\">\n\t\t\t\t<div class=\"elementor-element elementor-element-db00f95 elementor-widget elementor-widget-text-editor\" data-id=\"db00f95\" data-element_type=\"widget\" data-e-type=\"widget\" data-widget_type=\"text-editor.default\">\n\t\t\t\t<div class=\"elementor-widget-container\">\n\t\t\t\t\t\t\t\t\t<p><strong>ANO LETIVO 2025\/2026<\/strong><\/p>\t\t\t\t\t\t\t\t<\/div>\n\t\t\t\t<\/div>\n\t\t\t\t\t<\/div>\n\t\t\t\t<\/div>\n\t\t<div class=\"elementor-element elementor-element-860db66 e-flex e-con-boxed e-con e-parent\" data-id=\"860db66\" data-element_type=\"container\" data-e-type=\"container\">\n\t\t\t\t\t<div class=\"e-con-inner\">\n\t\t<div class=\"elementor-element elementor-element-c68a63a e-con-full e-flex e-con e-child\" data-id=\"c68a63a\" data-element_type=\"container\" data-e-type=\"container\">\n\t\t\t\t<div class=\"elementor-element elementor-element-09bedae elementor-widget elementor-widget-image\" data-id=\"09bedae\" data-element_type=\"widget\" data-e-type=\"widget\" data-widget_type=\"image.default\">\n\t\t\t\t<div class=\"elementor-widget-container\">\n\t\t\t\t\t\t\t\t\t\t\t\t<figure class=\"wp-caption\">\n\t\t\t\t\t\t\t\t\t\t\t<a href=\"https:\/\/aemcs.pt\/site\/wp-content\/uploads\/2025\/08\/1-Calendario-Escolar-Semestral_2025_2026-corrigido.pdf\" target=\"_blank\">\n\t\t\t\t\t\t\t<img decoding=\"async\" width=\"136\" height=\"102\" src=\"https:\/\/aemcs.pt\/site\/wp-content\/uploads\/2026\/01\/folderblue_92960-136x102.png\" class=\"attachment-news-portal-block-thumb size-news-portal-block-thumb wp-image-2477\" alt=\"\" \/>\t\t\t\t\t\t\t\t<\/a>\n\t\t\t\t\t\t\t\t\t\t\t<figcaption class=\"widget-image-caption wp-caption-text\">Calend\u00e1rio Escolar<\/figcaption>\n\t\t\t\t\t\t\t\t\t\t<\/figure>\n\t\t\t\t\t\t\t\t\t<\/div>\n\t\t\t\t<\/div>\n\t\t\t\t<\/div>\n\t\t<div class=\"elementor-element elementor-element-9a72dbb e-con-full e-flex e-con e-child\" data-id=\"9a72dbb\" data-element_type=\"container\" data-e-type=\"container\">\n\t\t\t\t<div class=\"elementor-element elementor-element-2b86445 elementor-widget elementor-widget-image\" data-id=\"2b86445\" data-element_type=\"widget\" data-e-type=\"widget\" data-widget_type=\"image.default\">\n\t\t\t\t<div class=\"elementor-widget-container\">\n\t\t\t\t\t\t\t\t\t\t\t\t<figure class=\"wp-caption\">\n\t\t\t\t\t\t\t\t\t\t\t<a href=\"https:\/\/aemcs.pt\/site\/wp-content\/uploads\/2025\/09\/PRE.pdf\" target=\"_blank\">\n\t\t\t\t\t\t\t<img decoding=\"async\" width=\"136\" height=\"102\" src=\"https:\/\/aemcs.pt\/site\/wp-content\/uploads\/2026\/01\/folderblue_92960-136x102.png\" class=\"attachment-news-portal-block-thumb size-news-portal-block-thumb wp-image-2477\" alt=\"\" \/>\t\t\t\t\t\t\t\t<\/a>\n\t\t\t\t\t\t\t\t\t\t\t<figcaption class=\"widget-image-caption wp-caption-text\">Hor\u00e1rios das Turmas -  Pr\u00e9-Escolar<\/figcaption>\n\t\t\t\t\t\t\t\t\t\t<\/figure>\n\t\t\t\t\t\t\t\t\t<\/div>\n\t\t\t\t<\/div>\n\t\t\t\t<\/div>\n\t\t<div class=\"elementor-element elementor-element-6e54a66 e-con-full e-flex e-con e-child\" data-id=\"6e54a66\" data-element_type=\"container\" data-e-type=\"container\">\n\t\t\t\t<div class=\"elementor-element elementor-element-9ccdd29 elementor-widget elementor-widget-image\" data-id=\"9ccdd29\" data-element_type=\"widget\" data-e-type=\"widget\" data-widget_type=\"image.default\">\n\t\t\t\t<div class=\"elementor-widget-container\">\n\t\t\t\t\t\t\t\t\t\t\t\t<figure class=\"wp-caption\">\n\t\t\t\t\t\t\t\t\t\t\t<a href=\"https:\/\/aemcs.pt\/site\/wp-content\/uploads\/2025\/09\/1o-CICLO-2v.pdf\" target=\"_blank\">\n\t\t\t\t\t\t\t<img decoding=\"async\" width=\"136\" height=\"102\" src=\"https:\/\/aemcs.pt\/site\/wp-content\/uploads\/2026\/01\/folderblue_92960-136x102.png\" class=\"attachment-news-portal-block-thumb size-news-portal-block-thumb wp-image-2477\" alt=\"\" \/>\t\t\t\t\t\t\t\t<\/a>\n\t\t\t\t\t\t\t\t\t\t\t<figcaption class=\"widget-image-caption wp-caption-text\">Hor\u00e1rios das Turmas - 1.\u00ba Ciclo<\/figcaption>\n\t\t\t\t\t\t\t\t\t\t<\/figure>\n\t\t\t\t\t\t\t\t\t<\/div>\n\t\t\t\t<\/div>\n\t\t\t\t<\/div>\n\t\t<div class=\"elementor-element elementor-element-69603b3 e-con-full e-flex e-con e-child\" data-id=\"69603b3\" data-element_type=\"container\" data-e-type=\"container\">\n\t\t\t\t<div class=\"elementor-element elementor-element-ecf0ed8 elementor-widget elementor-widget-image\" data-id=\"ecf0ed8\" data-element_type=\"widget\" data-e-type=\"widget\" data-widget_type=\"image.default\">\n\t\t\t\t<div class=\"elementor-widget-container\">\n\t\t\t\t\t\t\t\t\t\t\t\t<figure class=\"wp-caption\">\n\t\t\t\t\t\t\t\t\t\t\t<a href=\"https:\/\/aemcs.pt\/site\/wp-content\/uploads\/2025\/09\/2o-3o-CICLO.pdf\" target=\"_blank\">\n\t\t\t\t\t\t\t<img decoding=\"async\" width=\"136\" height=\"102\" src=\"https:\/\/aemcs.pt\/site\/wp-content\/uploads\/2026\/01\/folderblue_92960-136x102.png\" class=\"attachment-news-portal-block-thumb size-news-portal-block-thumb wp-image-2477\" alt=\"\" \/>\t\t\t\t\t\t\t\t<\/a>\n\t\t\t\t\t\t\t\t\t\t\t<figcaption class=\"widget-image-caption wp-caption-text\">Hor\u00e1rios das Turmas  - 2.\u00ba e 3.\u00ba Ciclo<\/figcaption>\n\t\t\t\t\t\t\t\t\t\t<\/figure>\n\t\t\t\t\t\t\t\t\t<\/div>\n\t\t\t\t<\/div>\n\t\t\t\t<\/div>\n\t\t<div class=\"elementor-element elementor-element-4290228 e-con-full e-flex e-con e-child\" data-id=\"4290228\" data-element_type=\"container\" data-e-type=\"container\">\n\t\t\t\t<div class=\"elementor-element elementor-element-bb560b1 elementor-widget elementor-widget-image\" data-id=\"bb560b1\" data-element_type=\"widget\" data-e-type=\"widget\" data-widget_type=\"image.default\">\n\t\t\t\t<div class=\"elementor-widget-container\">\n\t\t\t\t\t\t\t\t\t\t\t\t<figure class=\"wp-caption\">\n\t\t\t\t\t\t\t\t\t\t\t<a href=\"https:\/\/aemcs.pt\/site\/wp-content\/uploads\/2025\/09\/EFA.pdf\" target=\"_blank\">\n\t\t\t\t\t\t\t<img decoding=\"async\" width=\"136\" height=\"102\" src=\"https:\/\/aemcs.pt\/site\/wp-content\/uploads\/2026\/01\/folderblue_92960-136x102.png\" class=\"attachment-news-portal-block-thumb size-news-portal-block-thumb wp-image-2477\" alt=\"\" \/>\t\t\t\t\t\t\t\t<\/a>\n\t\t\t\t\t\t\t\t\t\t\t<figcaption class=\"widget-image-caption wp-caption-text\">Hor\u00e1rios das Turmas - EFA                  <\/figcaption>\n\t\t\t\t\t\t\t\t\t\t<\/figure>\n\t\t\t\t\t\t\t\t\t<\/div>\n\t\t\t\t<\/div>\n\t\t\t\t<\/div>\n\t\t<div class=\"elementor-element elementor-element-5802dee e-con-full e-flex e-con e-child\" data-id=\"5802dee\" data-element_type=\"container\" data-e-type=\"container\">\n\t\t\t\t<\/div>\n\t\t\t\t\t<\/div>\n\t\t\t\t<\/div>\n\t\t\t\t<\/div>\n\t\t","protected":false},"excerpt":{"rendered":"<p>ANO LETIVO 2025\/2026 Calend\u00e1rio Escolar Hor\u00e1rios das Turmas &#8211; Pr\u00e9-Escolar Hor\u00e1rios das Turmas &#8211; 1.\u00ba Ciclo Hor\u00e1rios das Turmas &#8211; 2.\u00ba e 3.\u00ba Ciclo Hor\u00e1rios das Turmas &#8211; EFA<\/p>\n","protected":false},"author":1,"featured_media":0,"parent":0,"menu_order":0,"comment_status":"closed","ping_status":"closed","template":"","meta":{"footnotes":""},"categories":[],"tags":[],"class_list":["post-425","page","type-page","status-publish","hentry"],"_links":{"self":[{"href":"https:\/\/aemcs.pt\/site\/wp-json\/wp\/v2\/pages\/425","targetHints":{"allow":["GET"]}}],"collection":[{"href":"https:\/\/aemcs.pt\/site\/wp-json\/wp\/v2\/pages"}],"about":[{"href":"https:\/\/aemcs.pt\/site\/wp-json\/wp\/v2\/types\/page"}],"author":[{"embeddable":true,"href":"https:\/\/aemcs.pt\/site\/wp-json\/wp\/v2\/users\/1"}],"replies":[{"embeddable":true,"href":"https:\/\/aemcs.pt\/site\/wp-json\/wp\/v2\/comments?post=425"}],"version-history":[{"count":79,"href":"https:\/\/aemcs.pt\/site\/wp-json\/wp\/v2\/pages\/425\/revisions"}],"predecessor-version":[{"id":2573,"href":"https:\/\/aemcs.pt\/site\/wp-json\/wp\/v2\/pages\/425\/revisions\/2573"}],"wp:attachment":[{"href":"https:\/\/aemcs.pt\/site\/wp-json\/wp\/v2\/media?parent=425"}],"wp:term":[{"taxonomy":"category","embeddable":true,"href":"https:\/\/aemcs.pt\/site\/wp-json\/wp\/v2\/categories?post=425"},{"taxonomy":"post_tag","embeddable":true,"href":"https:\/\/aemcs.pt\/site\/wp-json\/wp\/v2\/tags?post=425"}],"curies":[{"name":"wp","href":"https:\/\/api.w.org\/{rel}","templated":true}]}}