{"id":411,"date":"2024-12-30T17:24:18","date_gmt":"2024-12-30T17:24:18","guid":{"rendered":"https:\/\/aemcs.pt\/site\/?page_id=411"},"modified":"2025-03-24T16:46:12","modified_gmt":"2025-03-24T16:46:12","slug":"educacao-especial-e-apoio-inclusivo","status":"publish","type":"page","link":"https:\/\/aemcs.pt\/site\/educacao-especial-e-apoio-inclusivo\/","title":{"rendered":"Educa\u00e7\u00e3o Especial e Apoio Inclusivo"},"content":{"rendered":"\t\t<div data-elementor-type=\"wp-page\" data-elementor-id=\"411\" class=\"elementor elementor-411\">\n\t\t\t\t<div class=\"elementor-element elementor-element-f995435 e-flex e-con-boxed e-con e-parent\" data-id=\"f995435\" data-element_type=\"container\" data-e-type=\"container\">\n\t\t\t\t\t<div class=\"e-con-inner\">\n\t\t\t\t<div class=\"elementor-element elementor-element-9f56b32 elementor-widget elementor-widget-text-editor\" data-id=\"9f56b32\" data-element_type=\"widget\" data-e-type=\"widget\" data-widget_type=\"text-editor.default\">\n\t\t\t\t<div class=\"elementor-widget-container\">\n\t\t\t\t\t\t\t\t\t<p>O <a href=\"https:\/\/aemcs.pt\/site\/wp-content\/uploads\/2025\/03\/DL54-2028.pdf\" target=\"_blank\" rel=\"noopener\">Decreto-Lei n\u00ba 54\/2018, de 6 de julho<\/a> estabelece os princ\u00edpios e as normas da Educa\u00e7\u00e3o Inclusiva.<\/p><p>\u00a0<\/p><p>Em atualiza\u00e7\u00e3o&#8230;<\/p>\t\t\t\t\t\t\t\t<\/div>\n\t\t\t\t<\/div>\n\t\t\t\t\t<\/div>\n\t\t\t\t<\/div>\n\t\t\t\t<\/div>\n\t\t","protected":false},"excerpt":{"rendered":"<p>O Decreto-Lei n\u00ba 54\/2018, de 6 de julho estabelece os princ\u00edpios e as normas da Educa\u00e7\u00e3o Inclusiva. \u00a0 Em atualiza\u00e7\u00e3o&#8230;<\/p>\n","protected":false},"author":1,"featured_media":0,"parent":0,"menu_order":0,"comment_status":"closed","ping_status":"closed","template":"","meta":{"footnotes":""},"categories":[],"tags":[],"class_list":["post-411","page","type-page","status-publish","hentry"],"_links":{"self":[{"href":"https:\/\/aemcs.pt\/site\/wp-json\/wp\/v2\/pages\/411","targetHints":{"allow":["GET"]}}],"collection":[{"href":"https:\/\/aemcs.pt\/site\/wp-json\/wp\/v2\/pages"}],"about":[{"href":"https:\/\/aemcs.pt\/site\/wp-json\/wp\/v2\/types\/page"}],"author":[{"embeddable":true,"href":"https:\/\/aemcs.pt\/site\/wp-json\/wp\/v2\/users\/1"}],"replies":[{"embeddable":true,"href":"https:\/\/aemcs.pt\/site\/wp-json\/wp\/v2\/comments?post=411"}],"version-history":[{"count":10,"href":"https:\/\/aemcs.pt\/site\/wp-json\/wp\/v2\/pages\/411\/revisions"}],"predecessor-version":[{"id":1523,"href":"https:\/\/aemcs.pt\/site\/wp-json\/wp\/v2\/pages\/411\/revisions\/1523"}],"wp:attachment":[{"href":"https:\/\/aemcs.pt\/site\/wp-json\/wp\/v2\/media?parent=411"}],"wp:term":[{"taxonomy":"category","embeddable":true,"href":"https:\/\/aemcs.pt\/site\/wp-json\/wp\/v2\/categories?post=411"},{"taxonomy":"post_tag","embeddable":true,"href":"https:\/\/aemcs.pt\/site\/wp-json\/wp\/v2\/tags?post=411"}],"curies":[{"name":"wp","href":"https:\/\/api.w.org\/{rel}","templated":true}]}}