{"id":407,"date":"2024-12-30T17:24:02","date_gmt":"2024-12-30T17:24:02","guid":{"rendered":"https:\/\/aemcs.pt\/site\/?page_id=407"},"modified":"2025-11-29T18:48:15","modified_gmt":"2025-11-29T18:48:15","slug":"projetos-e-clubes-escolares","status":"publish","type":"page","link":"https:\/\/aemcs.pt\/site\/projetos-e-clubes-escolares\/","title":{"rendered":"Projetos e Clubes Escolares"},"content":{"rendered":"\t\t<div data-elementor-type=\"wp-page\" data-elementor-id=\"407\" class=\"elementor elementor-407\">\n\t\t\t\t<div class=\"elementor-element elementor-element-7a4f3b3 e-flex e-con-boxed e-con e-parent\" data-id=\"7a4f3b3\" data-element_type=\"container\" data-e-type=\"container\">\n\t\t\t\t\t<div class=\"e-con-inner\">\n\t\t\t\t<div class=\"elementor-element elementor-element-a66d3f4 elementor-widget elementor-widget-text-editor\" data-id=\"a66d3f4\" data-element_type=\"widget\" data-e-type=\"widget\" data-widget_type=\"text-editor.default\">\n\t\t\t\t<div class=\"elementor-widget-container\">\n\t\t\t\t\t\t\t\t\t<p>. <a href=\"https:\/\/aemcs.pt\/site\/projeto-de-voluntariado\/\" target=\"_blank\" rel=\"noopener\">Projeto de Voluntariado<\/a><br \/>. <a href=\"https:\/\/aemcs.pt\/site\/projeto-assembleia-de-estudantes-2\/\" target=\"_blank\" rel=\"noopener\">Projeto Assembleia de Estudantes<\/a><br \/>. <a href=\"https:\/\/aemcs.pt\/site\/projeto-turmaacao\/\" target=\"_blank\" rel=\"noopener\">Projeto Turma+A\u00e7\u00e3o<\/a><br \/>. <a href=\"https:\/\/aemcs.pt\/site\/projeto-parlamento-de-jovens\/\" target=\"_blank\" rel=\"noopener\">Projeto Parlamento de Jovens<\/a><br \/>. Clube Ci\u00eancia Viva<br \/>. Clube de M\u00fasica<br \/>. Clube de Multim\u00e9dia<br \/>. Eco-Escolas<br \/>. Escola Azul<br \/>. Projeto do Desporto Escolar Comunidade<br \/>. <a href=\"https:\/\/aemcs.pt\/site\/orcamento-participativo-de-escolas\/\" target=\"_blank\" rel=\"noopener\">Or\u00e7amento Participativo de Escolas<\/a><br \/>. Plano Nacional de Leitura (PNL)<br \/>. Plano Nacional de Cinema (PNC)<br \/>. &#8230;<\/p>\t\t\t\t\t\t\t\t<\/div>\n\t\t\t\t<\/div>\n\t\t\t\t\t<\/div>\n\t\t\t\t<\/div>\n\t\t\t\t<\/div>\n\t\t","protected":false},"excerpt":{"rendered":"<p>. Projeto de Voluntariado. Projeto Assembleia de Estudantes. Projeto Turma+A\u00e7\u00e3o. Projeto Parlamento de Jovens. Clube Ci\u00eancia Viva. Clube de M\u00fasica. Clube de Multim\u00e9dia. Eco-Escolas. Escola Azul. Projeto do Desporto Escolar Comunidade. Or\u00e7amento Participativo de Escolas. Plano Nacional de Leitura (PNL). Plano Nacional de Cinema (PNC). &#8230;<\/p>\n","protected":false},"author":1,"featured_media":0,"parent":0,"menu_order":0,"comment_status":"closed","ping_status":"closed","template":"","meta":{"footnotes":""},"categories":[],"tags":[],"class_list":["post-407","page","type-page","status-publish","hentry"],"_links":{"self":[{"href":"https:\/\/aemcs.pt\/site\/wp-json\/wp\/v2\/pages\/407","targetHints":{"allow":["GET"]}}],"collection":[{"href":"https:\/\/aemcs.pt\/site\/wp-json\/wp\/v2\/pages"}],"about":[{"href":"https:\/\/aemcs.pt\/site\/wp-json\/wp\/v2\/types\/page"}],"author":[{"embeddable":true,"href":"https:\/\/aemcs.pt\/site\/wp-json\/wp\/v2\/users\/1"}],"replies":[{"embeddable":true,"href":"https:\/\/aemcs.pt\/site\/wp-json\/wp\/v2\/comments?post=407"}],"version-history":[{"count":38,"href":"https:\/\/aemcs.pt\/site\/wp-json\/wp\/v2\/pages\/407\/revisions"}],"predecessor-version":[{"id":2313,"href":"https:\/\/aemcs.pt\/site\/wp-json\/wp\/v2\/pages\/407\/revisions\/2313"}],"wp:attachment":[{"href":"https:\/\/aemcs.pt\/site\/wp-json\/wp\/v2\/media?parent=407"}],"wp:term":[{"taxonomy":"category","embeddable":true,"href":"https:\/\/aemcs.pt\/site\/wp-json\/wp\/v2\/categories?post=407"},{"taxonomy":"post_tag","embeddable":true,"href":"https:\/\/aemcs.pt\/site\/wp-json\/wp\/v2\/tags?post=407"}],"curies":[{"name":"wp","href":"https:\/\/api.w.org\/{rel}","templated":true}]}}