{"id":399,"date":"2024-12-30T17:23:21","date_gmt":"2024-12-30T17:23:21","guid":{"rendered":"https:\/\/aemcs.pt\/site\/?page_id=399"},"modified":"2026-01-26T13:51:17","modified_gmt":"2026-01-26T13:51:17","slug":"regulamentos-internos","status":"publish","type":"page","link":"https:\/\/aemcs.pt\/site\/regulamentos-internos\/","title":{"rendered":"Documentos do Agrupamento"},"content":{"rendered":"\t\t<div data-elementor-type=\"wp-page\" data-elementor-id=\"399\" class=\"elementor elementor-399\">\n\t\t\t\t<div class=\"elementor-element elementor-element-3f90a34 e-flex e-con-boxed e-con e-parent\" data-id=\"3f90a34\" data-element_type=\"container\" data-e-type=\"container\">\n\t\t\t\t\t<div class=\"e-con-inner\">\n\t\t<div class=\"elementor-element elementor-element-f577b8e e-con-full e-flex e-con e-child\" data-id=\"f577b8e\" data-element_type=\"container\" data-e-type=\"container\">\n\t\t\t\t<div class=\"elementor-element elementor-element-7756120 elementor-widget elementor-widget-image\" data-id=\"7756120\" data-element_type=\"widget\" data-e-type=\"widget\" data-widget_type=\"image.default\">\n\t\t\t\t<div class=\"elementor-widget-container\">\n\t\t\t\t\t\t\t\t\t\t\t\t<figure class=\"wp-caption\">\n\t\t\t\t\t\t\t\t\t\t<img decoding=\"async\" width=\"136\" height=\"102\" src=\"https:\/\/aemcs.pt\/site\/wp-content\/uploads\/2026\/01\/folderblue_92960-136x102.png\" class=\"attachment-news-portal-block-thumb size-news-portal-block-thumb wp-image-2477\" alt=\"\" \/>\t\t\t\t\t\t\t\t\t\t\t<figcaption class=\"widget-image-caption wp-caption-text\">Projeto Educativo<\/figcaption>\n\t\t\t\t\t\t\t\t\t\t<\/figure>\n\t\t\t\t\t\t\t\t\t<\/div>\n\t\t\t\t<\/div>\n\t\t\t\t<\/div>\n\t\t<div class=\"elementor-element elementor-element-9e84a2a e-con-full e-flex e-con e-child\" data-id=\"9e84a2a\" data-element_type=\"container\" data-e-type=\"container\">\n\t\t\t\t<div class=\"elementor-element elementor-element-a75cf75 elementor-widget elementor-widget-image\" data-id=\"a75cf75\" data-element_type=\"widget\" data-e-type=\"widget\" data-widget_type=\"image.default\">\n\t\t\t\t<div class=\"elementor-widget-container\">\n\t\t\t\t\t\t\t\t\t\t\t\t<figure class=\"wp-caption\">\n\t\t\t\t\t\t\t\t\t\t<img decoding=\"async\" width=\"136\" height=\"102\" src=\"https:\/\/aemcs.pt\/site\/wp-content\/uploads\/2026\/01\/folderblue_92960-136x102.png\" class=\"attachment-news-portal-block-thumb size-news-portal-block-thumb wp-image-2477\" alt=\"\" \/>\t\t\t\t\t\t\t\t\t\t\t<figcaption class=\"widget-image-caption wp-caption-text\">Regulamento Interno<\/figcaption>\n\t\t\t\t\t\t\t\t\t\t<\/figure>\n\t\t\t\t\t\t\t\t\t<\/div>\n\t\t\t\t<\/div>\n\t\t\t\t<\/div>\n\t\t<div class=\"elementor-element elementor-element-19b452e e-con-full e-flex e-con e-child\" data-id=\"19b452e\" data-element_type=\"container\" data-e-type=\"container\">\n\t\t\t\t<div class=\"elementor-element elementor-element-1b59d2f elementor-widget elementor-widget-image\" data-id=\"1b59d2f\" data-element_type=\"widget\" data-e-type=\"widget\" data-widget_type=\"image.default\">\n\t\t\t\t<div class=\"elementor-widget-container\">\n\t\t\t\t\t\t\t\t\t\t\t\t<figure class=\"wp-caption\">\n\t\t\t\t\t\t\t\t\t\t<img decoding=\"async\" width=\"136\" height=\"102\" src=\"https:\/\/aemcs.pt\/site\/wp-content\/uploads\/2026\/01\/folderblue_92960-136x102.png\" class=\"attachment-news-portal-block-thumb size-news-portal-block-thumb wp-image-2477\" alt=\"\" \/>\t\t\t\t\t\t\t\t\t\t\t<figcaption class=\"widget-image-caption wp-caption-text\">Plano Anual de Atividades<\/figcaption>\n\t\t\t\t\t\t\t\t\t\t<\/figure>\n\t\t\t\t\t\t\t\t\t<\/div>\n\t\t\t\t<\/div>\n\t\t\t\t<\/div>\n\t\t<div class=\"elementor-element elementor-element-95e16c2 e-con-full e-flex e-con e-child\" data-id=\"95e16c2\" data-element_type=\"container\" data-e-type=\"container\">\n\t\t\t\t<div class=\"elementor-element elementor-element-49a1a7b elementor-widget elementor-widget-image\" data-id=\"49a1a7b\" data-element_type=\"widget\" data-e-type=\"widget\" data-widget_type=\"image.default\">\n\t\t\t\t<div class=\"elementor-widget-container\">\n\t\t\t\t\t\t\t\t\t\t\t\t<figure class=\"wp-caption\">\n\t\t\t\t\t\t\t\t\t\t\t<a href=\"https:\/\/aemcs.pt\/site\/criterios-de-avaliacao\/?preview_id=2559&#038;preview_nonce=0bf20926aa&#038;preview=true\" target=\"_blank\">\n\t\t\t\t\t\t\t<img decoding=\"async\" width=\"136\" height=\"102\" src=\"https:\/\/aemcs.pt\/site\/wp-content\/uploads\/2026\/01\/folderblue_92960-136x102.png\" class=\"attachment-news-portal-block-thumb size-news-portal-block-thumb wp-image-2477\" alt=\"\" \/>\t\t\t\t\t\t\t\t<\/a>\n\t\t\t\t\t\t\t\t\t\t\t<figcaption class=\"widget-image-caption wp-caption-text\">Crit\u00e9rios de Avalia\u00e7\u00e3o<\/figcaption>\n\t\t\t\t\t\t\t\t\t\t<\/figure>\n\t\t\t\t\t\t\t\t\t<\/div>\n\t\t\t\t<\/div>\n\t\t\t\t<\/div>\n\t\t<div class=\"elementor-element elementor-element-b252447 e-con-full e-flex e-con e-child\" data-id=\"b252447\" data-element_type=\"container\" data-e-type=\"container\">\n\t\t\t\t<div class=\"elementor-element elementor-element-1c72bca elementor-widget elementor-widget-image\" data-id=\"1c72bca\" data-element_type=\"widget\" data-e-type=\"widget\" data-widget_type=\"image.default\">\n\t\t\t\t<div class=\"elementor-widget-container\">\n\t\t\t\t\t\t\t\t\t\t\t\t<figure class=\"wp-caption\">\n\t\t\t\t\t\t\t\t\t\t<img decoding=\"async\" width=\"136\" height=\"102\" src=\"https:\/\/aemcs.pt\/site\/wp-content\/uploads\/2026\/01\/folderblue_92960-136x102.png\" class=\"attachment-news-portal-block-thumb size-news-portal-block-thumb wp-image-2477\" alt=\"\" \/>\t\t\t\t\t\t\t\t\t\t\t<figcaption class=\"widget-image-caption wp-caption-text\">PADDE<\/figcaption>\n\t\t\t\t\t\t\t\t\t\t<\/figure>\n\t\t\t\t\t\t\t\t\t<\/div>\n\t\t\t\t<\/div>\n\t\t\t\t<\/div>\n\t\t<div class=\"elementor-element elementor-element-802d3b4 e-con-full e-flex e-con e-child\" data-id=\"802d3b4\" data-element_type=\"container\" data-e-type=\"container\">\n\t\t\t\t<div class=\"elementor-element elementor-element-dcd7f83 elementor-widget elementor-widget-image\" data-id=\"dcd7f83\" data-element_type=\"widget\" data-e-type=\"widget\" data-widget_type=\"image.default\">\n\t\t\t\t<div class=\"elementor-widget-container\">\n\t\t\t\t\t\t\t\t\t\t\t\t<figure class=\"wp-caption\">\n\t\t\t\t\t\t\t\t\t\t<img decoding=\"async\" width=\"136\" height=\"102\" src=\"https:\/\/aemcs.pt\/site\/wp-content\/uploads\/2026\/01\/folderblue_92960-136x102.png\" class=\"attachment-news-portal-block-thumb size-news-portal-block-thumb wp-image-2477\" alt=\"\" \/>\t\t\t\t\t\t\t\t\t\t\t<figcaption class=\"widget-image-caption wp-caption-text\">Estrat\u00e9gia Educa\u00e7\u00e3o para a Cidadania<\/figcaption>\n\t\t\t\t\t\t\t\t\t\t<\/figure>\n\t\t\t\t\t\t\t\t\t<\/div>\n\t\t\t\t<\/div>\n\t\t\t\t<\/div>\n\t\t\t\t\t<\/div>\n\t\t\t\t<\/div>\n\t\t<div class=\"elementor-element elementor-element-2b82f26 e-flex e-con-boxed e-con e-parent\" data-id=\"2b82f26\" data-element_type=\"container\" data-e-type=\"container\">\n\t\t\t\t\t<div class=\"e-con-inner\">\n\t\t\t\t<div class=\"elementor-element elementor-element-0bfe396 elementor-widget elementor-widget-text-editor\" data-id=\"0bfe396\" data-element_type=\"widget\" data-e-type=\"widget\" data-widget_type=\"text-editor.default\">\n\t\t\t\t<div class=\"elementor-widget-container\">\n\t\t\t\t\t\t\t\t\t<p><strong>ANO LETIVO 2025\/2026<\/strong><\/p><p>.\u00a0<a href=\"https:\/\/aemcs.pt\/site\/wp-content\/uploads\/2025\/08\/PROJETO-EDUCATIVO-2025-2028.pdf\" target=\"_blank\" rel=\"noopener\">Projeto Educativo (2025\/2028)<\/a>\u00a0 \u00a0 \u00a0 <br \/><strong>Informa\u00e7\u00e3o sobre altera\u00e7\u00e3o ao Regulamento Interno:<\/strong><br \/>Informa\u2011se a comunidade educativa que a proposta de altera\u00e7\u00e3o ao Regulamento Interno, relativa \u00e0 utiliza\u00e7\u00e3o de equipamentos eletr\u00f3nicos de comunica\u00e7\u00e3o m\u00f3vel, elaborada ao abrigo do Decreto\u2011Lei n.\u00ba 95\/2025, obteve parecer favor\u00e1vel do Conselho Pedag\u00f3gico em 27 de novembro de 2025 e foi aprovada em Conselho Geral na reuni\u00e3o de 2 de dezembro de 2025.<br \/>A nova reda\u00e7\u00e3o dos artigos aplic\u00e1veis entra em vigor no dia de aprova\u00e7\u00e3o em Conselho Geral, passando a integrar o Regulamento Interno em substitui\u00e7\u00e3o das normas anteriormente em vigor sobre esta mat\u00e9ria. Ver <a href=\"https:\/\/aemcs.pt\/site\/wp-content\/uploads\/2025\/12\/Alteracao-ao-Regulamento-Interno-de-acordo-com-o-Decreto-Lei-n.o95-2025.pdf\" target=\"_blank\" rel=\"noopener\">aqui<\/a>.<\/p><p>. <a href=\"https:\/\/aemcs.pt\/site\/wp-content\/uploads\/2025\/09\/Regulamento-cacifos-1.pdf\" target=\"_blank\" rel=\"noopener\">Regulamento de Atribui\u00e7\u00e3o e Utiliza\u00e7\u00e3o de Cacifos Escolares<\/a>\u00a0 (<a href=\"https:\/\/aemcs.pt\/site\/wp-content\/uploads\/2025\/09\/imrpesso_pedido_cacifo.pdf\" target=\"_blank\" rel=\"noopener\">ver impresso<\/a>) .<\/p>\t\t\t\t\t\t\t\t<\/div>\n\t\t\t\t<\/div>\n\t\t\t\t\t<\/div>\n\t\t\t\t<\/div>\n\t\t<div class=\"elementor-element elementor-element-a8e4229 e-flex e-con-boxed e-con e-parent\" data-id=\"a8e4229\" data-element_type=\"container\" data-e-type=\"container\">\n\t\t\t\t\t<div class=\"e-con-inner\">\n\t\t\t\t<div class=\"elementor-element elementor-element-fdc530b elementor-widget-divider--view-line elementor-widget elementor-widget-divider\" data-id=\"fdc530b\" data-element_type=\"widget\" data-e-type=\"widget\" data-widget_type=\"divider.default\">\n\t\t\t\t<div class=\"elementor-widget-container\">\n\t\t\t\t\t\t\t<div class=\"elementor-divider\">\n\t\t\t<span class=\"elementor-divider-separator\">\n\t\t\t\t\t\t<\/span>\n\t\t<\/div>\n\t\t\t\t\t\t<\/div>\n\t\t\t\t<\/div>\n\t\t\t\t\t<\/div>\n\t\t\t\t<\/div>\n\t\t<div class=\"elementor-element elementor-element-10b2fce e-flex e-con-boxed e-con e-parent\" data-id=\"10b2fce\" data-element_type=\"container\" data-e-type=\"container\">\n\t\t\t\t\t<div class=\"e-con-inner\">\n\t\t\t\t<div class=\"elementor-element elementor-element-ea91f37 elementor-widget elementor-widget-text-editor\" data-id=\"ea91f37\" data-element_type=\"widget\" data-e-type=\"widget\" data-widget_type=\"text-editor.default\">\n\t\t\t\t<div class=\"elementor-widget-container\">\n\t\t\t\t\t\t\t\t\t<p><strong>ANO LETIVO 2024\/2025<\/strong><\/p><p>. <a href=\"https:\/\/aemcs.pt\/site\/wp-content\/uploads\/2025\/01\/Regulamento-Interno_2023_2024.pdf\" target=\"_blank\" rel=\"noopener\">Regulamento Interno 2023<\/a><br \/>\u00a0 \u00a0. Adenda ao Regulamento Interno do Agrupamento de Escolas Maria do Carmo Serrote (AEMCS): Regulamento de utiliza\u00e7\u00e3o de smartphones, telem\u00f3veis e dispositivos de comunica\u00e7\u00e3o m\u00f3veis no AEMCS (Ver <a href=\"https:\/\/aemcs.pt\/site\/wp-content\/uploads\/2025\/01\/5-Adenda-ao-Regulamento-Interno-do-Agrupamento-de-Escolas-Maria-do-Carmo-Serrote.pdf\" target=\"_blank\" rel=\"noopener\">aqui<\/a>).<\/p>\t\t\t\t\t\t\t\t<\/div>\n\t\t\t\t<\/div>\n\t\t\t\t\t<\/div>\n\t\t\t\t<\/div>\n\t\t<div class=\"elementor-element elementor-element-39122cf e-flex e-con-boxed e-con e-parent\" data-id=\"39122cf\" data-element_type=\"container\" data-e-type=\"container\">\n\t\t\t\t\t<div class=\"e-con-inner\">\n\t\t\t\t<div class=\"elementor-element elementor-element-1639d41 elementor-widget-divider--view-line elementor-widget elementor-widget-divider\" data-id=\"1639d41\" data-element_type=\"widget\" data-e-type=\"widget\" data-widget_type=\"divider.default\">\n\t\t\t\t<div class=\"elementor-widget-container\">\n\t\t\t\t\t\t\t<div class=\"elementor-divider\">\n\t\t\t<span class=\"elementor-divider-separator\">\n\t\t\t\t\t\t<\/span>\n\t\t<\/div>\n\t\t\t\t\t\t<\/div>\n\t\t\t\t<\/div>\n\t\t\t\t\t<\/div>\n\t\t\t\t<\/div>\n\t\t<div class=\"elementor-element elementor-element-28b0da8 e-flex e-con-boxed e-con e-parent\" data-id=\"28b0da8\" data-element_type=\"container\" data-e-type=\"container\">\n\t\t\t\t\t<div class=\"e-con-inner\">\n\t\t\t\t<div class=\"elementor-element elementor-element-97da864 elementor-widget__width-initial elementor-widget elementor-widget-text-editor\" data-id=\"97da864\" data-element_type=\"widget\" data-e-type=\"widget\" data-widget_type=\"text-editor.default\">\n\t\t\t\t<div class=\"elementor-widget-container\">\n\t\t\t\t\t\t\t\t\t<p><strong>ANO LETIVO 2023\/2024<\/strong><\/p><p>. <a href=\"https:\/\/aemcs.pt\/site\/wp-content\/uploads\/2025\/01\/Projeto-Educativo.pdf\" target=\"_blank\" rel=\"noopener\">Projeto Educativo (2022\/2026)<\/a><br \/>. <a href=\"https:\/\/aemcs.pt\/site\/wp-content\/uploads\/2025\/01\/Regulamento-Interno_2023_2024.pdf\" target=\"_blank\" rel=\"noopener\">Regulamento Interno 2023<\/a><br \/>. <a href=\"https:\/\/aemcs.pt\/site\/wp-content\/uploads\/2025\/01\/Plano.acao_.estrategica.Escola_23_24.pdf\" target=\"_blank\" rel=\"noopener\">Plano de A\u00e7\u00e3o Estrat\u00e9gica Pedag\u00f3gica (Plano Escola + 23\/24)<\/a><br \/>. <a href=\"https:\/\/aemcs.pt\/site\/wp-content\/uploads\/2025\/01\/PADDE2023-24.pdf\" target=\"_blank\" rel=\"noopener\">PADDE: Plano de A\u00e7\u00e3o para o Desenvolvimento Digital na Escola<\/a><br \/>. <a href=\"https:\/\/aemcs.pt\/site\/wp-content\/uploads\/2025\/01\/Visita-de-estudo_Regimento-22-23.pdf\" target=\"_blank\" rel=\"noopener\">Regulamento das visitas de estudo<\/a><\/p>\t\t\t\t\t\t\t\t<\/div>\n\t\t\t\t<\/div>\n\t\t\t\t\t<\/div>\n\t\t\t\t<\/div>\n\t\t<div class=\"elementor-element elementor-element-225a065 e-flex e-con-boxed e-con e-parent\" data-id=\"225a065\" data-element_type=\"container\" data-e-type=\"container\">\n\t\t\t\t\t<div class=\"e-con-inner\">\n\t\t\t\t<div class=\"elementor-element elementor-element-5fe27d7 elementor-widget-divider--view-line elementor-widget elementor-widget-divider\" data-id=\"5fe27d7\" data-element_type=\"widget\" data-e-type=\"widget\" data-widget_type=\"divider.default\">\n\t\t\t\t<div class=\"elementor-widget-container\">\n\t\t\t\t\t\t\t<div class=\"elementor-divider\">\n\t\t\t<span class=\"elementor-divider-separator\">\n\t\t\t\t\t\t<\/span>\n\t\t<\/div>\n\t\t\t\t\t\t<\/div>\n\t\t\t\t<\/div>\n\t\t\t\t\t<\/div>\n\t\t\t\t<\/div>\n\t\t\t\t<\/div>\n\t\t","protected":false},"excerpt":{"rendered":"<p>Projeto Educativo Regulamento Interno Plano Anual de Atividades Crit\u00e9rios de Avalia\u00e7\u00e3o PADDE Estrat\u00e9gia Educa\u00e7\u00e3o para a Cidadania ANO LETIVO 2025\/2026 .\u00a0Projeto Educativo (2025\/2028)\u00a0 \u00a0 \u00a0 Informa\u00e7\u00e3o sobre altera\u00e7\u00e3o ao Regulamento Interno:Informa\u2011se a comunidade educativa que a proposta de altera\u00e7\u00e3o ao Regulamento Interno, relativa \u00e0 utiliza\u00e7\u00e3o de equipamentos eletr\u00f3nicos de comunica\u00e7\u00e3o m\u00f3vel, elaborada ao abrigo do [&hellip;]<\/p>\n","protected":false},"author":1,"featured_media":0,"parent":0,"menu_order":0,"comment_status":"closed","ping_status":"closed","template":"","meta":{"footnotes":""},"categories":[],"tags":[],"class_list":["post-399","page","type-page","status-publish","hentry"],"_links":{"self":[{"href":"https:\/\/aemcs.pt\/site\/wp-json\/wp\/v2\/pages\/399","targetHints":{"allow":["GET"]}}],"collection":[{"href":"https:\/\/aemcs.pt\/site\/wp-json\/wp\/v2\/pages"}],"about":[{"href":"https:\/\/aemcs.pt\/site\/wp-json\/wp\/v2\/types\/page"}],"author":[{"embeddable":true,"href":"https:\/\/aemcs.pt\/site\/wp-json\/wp\/v2\/users\/1"}],"replies":[{"embeddable":true,"href":"https:\/\/aemcs.pt\/site\/wp-json\/wp\/v2\/comments?post=399"}],"version-history":[{"count":120,"href":"https:\/\/aemcs.pt\/site\/wp-json\/wp\/v2\/pages\/399\/revisions"}],"predecessor-version":[{"id":2569,"href":"https:\/\/aemcs.pt\/site\/wp-json\/wp\/v2\/pages\/399\/revisions\/2569"}],"wp:attachment":[{"href":"https:\/\/aemcs.pt\/site\/wp-json\/wp\/v2\/media?parent=399"}],"wp:term":[{"taxonomy":"category","embeddable":true,"href":"https:\/\/aemcs.pt\/site\/wp-json\/wp\/v2\/categories?post=399"},{"taxonomy":"post_tag","embeddable":true,"href":"https:\/\/aemcs.pt\/site\/wp-json\/wp\/v2\/tags?post=399"}],"curies":[{"name":"wp","href":"https:\/\/api.w.org\/{rel}","templated":true}]}}