{"id":2986,"date":"2026-05-07T16:53:33","date_gmt":"2026-05-07T16:53:33","guid":{"rendered":"https:\/\/aemcs.pt\/site\/?page_id=2986"},"modified":"2026-05-11T15:20:32","modified_gmt":"2026-05-11T15:20:32","slug":"tecnico-de-sistemas-e-tecnologias-de-informacao","status":"publish","type":"page","link":"https:\/\/aemcs.pt\/site\/tecnico-de-sistemas-e-tecnologias-de-informacao\/","title":{"rendered":"T\u00e9cnico de Sistemas e Tecnologias de Informa\u00e7\u00e3o"},"content":{"rendered":"\t\t<div data-elementor-type=\"wp-page\" data-elementor-id=\"2986\" class=\"elementor elementor-2986\">\n\t\t\t\t<div class=\"elementor-element elementor-element-3076b5e e-flex e-con-boxed e-con e-parent\" data-id=\"3076b5e\" data-element_type=\"container\" data-e-type=\"container\">\n\t\t\t\t\t<div class=\"e-con-inner\">\n\t\t\t\t<div class=\"elementor-element elementor-element-c6a090a elementor-widget elementor-widget-text-editor\" data-id=\"c6a090a\" data-element_type=\"widget\" data-e-type=\"widget\" data-widget_type=\"text-editor.default\">\n\t\t\t\t<div class=\"elementor-widget-container\">\n\t\t\t\t\t\t\t\t\t<p>\u00bb <a href=\"https:\/\/aemcs.pt\/site\/wp-content\/uploads\/2026\/05\/Aviso-de-Abertura-n.o1-2026.pdf\" target=\"_blank\" rel=\"noopener\">Aviso de Abertura<\/a><br \/>\u00bb <a href=\"https:\/\/aemcs.pt\/site\/wp-content\/uploads\/2026\/05\/Ata-n.o1.pdf\" target=\"_blank\" rel=\"noopener\">Ata<\/a><br \/>\u00bb <a href=\"https:\/\/aemcs.pt\/site\/wp-content\/uploads\/2026\/05\/AnexoII.pdf\" target=\"_blank\" rel=\"noopener\">Anexo II<\/a><br \/>\u00bb <a href=\"https:\/\/aemcs.pt\/site\/wp-content\/uploads\/2026\/05\/AnexoIII.pdf\" target=\"_blank\" rel=\"noopener\">Anexo III<\/a><br \/>\u00bb <a href=\"https:\/\/aemcs.pt\/site\/wp-content\/uploads\/2026\/05\/Audiencia-de-interessados.pdf\" target=\"_blank\" rel=\"noopener\">Audi\u00eancia de Interessados<\/a><\/p>\t\t\t\t\t\t\t\t<\/div>\n\t\t\t\t<\/div>\n\t\t\t\t\t<\/div>\n\t\t\t\t<\/div>\n\t\t\t\t<\/div>\n\t\t","protected":false},"excerpt":{"rendered":"<p>\u00bb Aviso de Abertura\u00bb Ata\u00bb Anexo II\u00bb Anexo III\u00bb Audi\u00eancia de Interessados<\/p>\n","protected":false},"author":1,"featured_media":0,"parent":0,"menu_order":0,"comment_status":"closed","ping_status":"closed","template":"","meta":{"footnotes":""},"categories":[],"tags":[],"class_list":["post-2986","page","type-page","status-publish","hentry"],"_links":{"self":[{"href":"https:\/\/aemcs.pt\/site\/wp-json\/wp\/v2\/pages\/2986","targetHints":{"allow":["GET"]}}],"collection":[{"href":"https:\/\/aemcs.pt\/site\/wp-json\/wp\/v2\/pages"}],"about":[{"href":"https:\/\/aemcs.pt\/site\/wp-json\/wp\/v2\/types\/page"}],"author":[{"embeddable":true,"href":"https:\/\/aemcs.pt\/site\/wp-json\/wp\/v2\/users\/1"}],"replies":[{"embeddable":true,"href":"https:\/\/aemcs.pt\/site\/wp-json\/wp\/v2\/comments?post=2986"}],"version-history":[{"count":4,"href":"https:\/\/aemcs.pt\/site\/wp-json\/wp\/v2\/pages\/2986\/revisions"}],"predecessor-version":[{"id":3001,"href":"https:\/\/aemcs.pt\/site\/wp-json\/wp\/v2\/pages\/2986\/revisions\/3001"}],"wp:attachment":[{"href":"https:\/\/aemcs.pt\/site\/wp-json\/wp\/v2\/media?parent=2986"}],"wp:term":[{"taxonomy":"category","embeddable":true,"href":"https:\/\/aemcs.pt\/site\/wp-json\/wp\/v2\/categories?post=2986"},{"taxonomy":"post_tag","embeddable":true,"href":"https:\/\/aemcs.pt\/site\/wp-json\/wp\/v2\/tags?post=2986"}],"curies":[{"name":"wp","href":"https:\/\/api.w.org\/{rel}","templated":true}]}}