{"id":196,"date":"2024-12-18T22:07:02","date_gmt":"2024-12-18T22:07:02","guid":{"rendered":"https:\/\/aemcs.pt\/site\/?page_id=196"},"modified":"2026-01-26T12:58:45","modified_gmt":"2026-01-26T12:58:45","slug":"organizacao","status":"publish","type":"page","link":"https:\/\/aemcs.pt\/site\/organizacao\/","title":{"rendered":"Organiza\u00e7\u00e3o"},"content":{"rendered":"\t\t<div data-elementor-type=\"wp-page\" data-elementor-id=\"196\" class=\"elementor elementor-196\">\n\t\t\t\t<div class=\"elementor-element elementor-element-bda0f21 e-flex e-con-boxed e-con e-parent\" data-id=\"bda0f21\" data-element_type=\"container\" data-e-type=\"container\">\n\t\t\t\t\t<div class=\"e-con-inner\">\n\t\t\t\t<div class=\"elementor-element elementor-element-a6716a1 elementor-widget__width-initial elementor-widget elementor-widget-text-editor\" data-id=\"a6716a1\" data-element_type=\"widget\" data-e-type=\"widget\" data-widget_type=\"text-editor.default\">\n\t\t\t\t<div class=\"elementor-widget-container\">\n\t\t\t\t\t\t\t\t\t<p>&gt; <a href=\"https:\/\/aemcs.pt\/site\/conselho-geral\/\" target=\"_blank\" rel=\"noopener\">Conselho Geral<\/a><br \/>&gt; <a href=\"https:\/\/aemcs.pt\/site\/direcao\/\" target=\"_blank\" rel=\"noopener\">Dire\u00e7\u00e3o<\/a><br \/>&gt; <a href=\"https:\/\/aemcs.pt\/site\/conselho-pedagogico\/\" target=\"_blank\" rel=\"noopener\">Conselho Pedag\u00f3gico<\/a><br \/>&gt; <a href=\"https:\/\/aemcs.pt\/site\/conselho-administrativo\/\" target=\"_blank\" rel=\"noopener\">Conselho Administrativo<\/a><br \/>&gt; <a href=\"https:\/\/aemcs.pt\/site\/conselho-de-diretores-de-turma\/\" target=\"_blank\" rel=\"noopener\">Conselho de Diretores de Turma<\/a><br \/>&gt; <a href=\"https:\/\/aemcs.pt\/site\/departamentos-curriculares\/\" target=\"_blank\" rel=\"noopener\">Departamentos Curriculares<\/a><br \/>&gt; <a href=\"https:\/\/aemcs.pt\/site\/os-nossos-parceiros\/\" target=\"_blank\" rel=\"noopener\">Os nossos parceiros<\/a><\/p>\t\t\t\t\t\t\t\t<\/div>\n\t\t\t\t<\/div>\n\t\t\t\t\t<\/div>\n\t\t\t\t<\/div>\n\t\t\t\t<\/div>\n\t\t","protected":false},"excerpt":{"rendered":"<p>&gt; Conselho Geral&gt; Dire\u00e7\u00e3o&gt; Conselho Pedag\u00f3gico&gt; Conselho Administrativo&gt; Conselho de Diretores de Turma&gt; Departamentos Curriculares&gt; Os nossos parceiros<\/p>\n","protected":false},"author":1,"featured_media":0,"parent":0,"menu_order":0,"comment_status":"closed","ping_status":"closed","template":"","meta":{"footnotes":""},"categories":[],"tags":[],"class_list":["post-196","page","type-page","status-publish","hentry"],"_links":{"self":[{"href":"https:\/\/aemcs.pt\/site\/wp-json\/wp\/v2\/pages\/196","targetHints":{"allow":["GET"]}}],"collection":[{"href":"https:\/\/aemcs.pt\/site\/wp-json\/wp\/v2\/pages"}],"about":[{"href":"https:\/\/aemcs.pt\/site\/wp-json\/wp\/v2\/types\/page"}],"author":[{"embeddable":true,"href":"https:\/\/aemcs.pt\/site\/wp-json\/wp\/v2\/users\/1"}],"replies":[{"embeddable":true,"href":"https:\/\/aemcs.pt\/site\/wp-json\/wp\/v2\/comments?post=196"}],"version-history":[{"count":16,"href":"https:\/\/aemcs.pt\/site\/wp-json\/wp\/v2\/pages\/196\/revisions"}],"predecessor-version":[{"id":2551,"href":"https:\/\/aemcs.pt\/site\/wp-json\/wp\/v2\/pages\/196\/revisions\/2551"}],"wp:attachment":[{"href":"https:\/\/aemcs.pt\/site\/wp-json\/wp\/v2\/media?parent=196"}],"wp:term":[{"taxonomy":"category","embeddable":true,"href":"https:\/\/aemcs.pt\/site\/wp-json\/wp\/v2\/categories?post=196"},{"taxonomy":"post_tag","embeddable":true,"href":"https:\/\/aemcs.pt\/site\/wp-json\/wp\/v2\/tags?post=196"}],"curies":[{"name":"wp","href":"https:\/\/api.w.org\/{rel}","templated":true}]}}