{"id":192,"date":"2024-12-18T22:06:22","date_gmt":"2024-12-18T22:06:22","guid":{"rendered":"https:\/\/aemcs.pt\/site\/?page_id=192"},"modified":"2026-01-26T12:50:46","modified_gmt":"2026-01-26T12:50:46","slug":"o-agrupamento","status":"publish","type":"page","link":"https:\/\/aemcs.pt\/site\/o-agrupamento\/","title":{"rendered":"O Agrupamento"},"content":{"rendered":"\t\t<div data-elementor-type=\"wp-page\" data-elementor-id=\"192\" class=\"elementor elementor-192\">\n\t\t\t\t<div class=\"elementor-element elementor-element-fa271dc e-flex e-con-boxed e-con e-parent\" data-id=\"fa271dc\" data-element_type=\"container\" data-e-type=\"container\">\n\t\t\t\t\t<div class=\"e-con-inner\">\n\t\t\t\t<div class=\"elementor-element elementor-element-0fbb7c5 elementor-widget elementor-widget-text-editor\" data-id=\"0fbb7c5\" data-element_type=\"widget\" data-e-type=\"widget\" data-widget_type=\"text-editor.default\">\n\t\t\t\t<div class=\"elementor-widget-container\">\n\t\t\t\t\t\t\t\t\t<p>&gt; <a href=\"https:\/\/aemcs.pt\/site\/missao-visao-e-valores\/\" target=\"_blank\" rel=\"noopener\">Miss\u00e3o, vis\u00e3o e valores<\/a><\/p><p>&gt; <a href=\"https:\/\/aemcs.pt\/site\/carta-de-missao-e-projetos-estrategicos\/\" target=\"_blank\" rel=\"noopener\">Carta de Miss\u00e3o e Projetos Estrat\u00e9gicos<\/a><\/p><p>&gt; <a href=\"https:\/\/aemcs.pt\/site\/mensagem-do-diretor\/\" target=\"_blank\" rel=\"noopener\">Mensagem do Diretor<\/a><\/p><p>&gt; <a href=\"https:\/\/aemcs.pt\/site\/historia-e-identidade-do-agrupamento\/\" target=\"_blank\" rel=\"noopener\">Hist\u00f3ria e Identidade do Agrupamento<\/a><\/p>\t\t\t\t\t\t\t\t<\/div>\n\t\t\t\t<\/div>\n\t\t\t\t\t<\/div>\n\t\t\t\t<\/div>\n\t\t\t\t<\/div>\n\t\t","protected":false},"excerpt":{"rendered":"<p>&gt; Miss\u00e3o, vis\u00e3o e valores &gt; Carta de Miss\u00e3o e Projetos Estrat\u00e9gicos &gt; Mensagem do Diretor &gt; Hist\u00f3ria e Identidade do Agrupamento<\/p>\n","protected":false},"author":1,"featured_media":0,"parent":0,"menu_order":0,"comment_status":"closed","ping_status":"closed","template":"","meta":{"footnotes":""},"categories":[],"tags":[],"class_list":["post-192","page","type-page","status-publish","hentry"],"_links":{"self":[{"href":"https:\/\/aemcs.pt\/site\/wp-json\/wp\/v2\/pages\/192","targetHints":{"allow":["GET"]}}],"collection":[{"href":"https:\/\/aemcs.pt\/site\/wp-json\/wp\/v2\/pages"}],"about":[{"href":"https:\/\/aemcs.pt\/site\/wp-json\/wp\/v2\/types\/page"}],"author":[{"embeddable":true,"href":"https:\/\/aemcs.pt\/site\/wp-json\/wp\/v2\/users\/1"}],"replies":[{"embeddable":true,"href":"https:\/\/aemcs.pt\/site\/wp-json\/wp\/v2\/comments?post=192"}],"version-history":[{"count":13,"href":"https:\/\/aemcs.pt\/site\/wp-json\/wp\/v2\/pages\/192\/revisions"}],"predecessor-version":[{"id":2548,"href":"https:\/\/aemcs.pt\/site\/wp-json\/wp\/v2\/pages\/192\/revisions\/2548"}],"wp:attachment":[{"href":"https:\/\/aemcs.pt\/site\/wp-json\/wp\/v2\/media?parent=192"}],"wp:term":[{"taxonomy":"category","embeddable":true,"href":"https:\/\/aemcs.pt\/site\/wp-json\/wp\/v2\/categories?post=192"},{"taxonomy":"post_tag","embeddable":true,"href":"https:\/\/aemcs.pt\/site\/wp-json\/wp\/v2\/tags?post=192"}],"curies":[{"name":"wp","href":"https:\/\/api.w.org\/{rel}","templated":true}]}}