{"id":1549,"date":"2025-04-03T15:14:44","date_gmt":"2025-04-03T15:14:44","guid":{"rendered":"https:\/\/aemcs.pt\/site\/?page_id=1549"},"modified":"2025-05-02T14:25:59","modified_gmt":"2025-05-02T14:25:59","slug":"canal-denuncias","status":"publish","type":"page","link":"https:\/\/aemcs.pt\/site\/canal-denuncias\/","title":{"rendered":"CANAL DEN\u00daNCIAS"},"content":{"rendered":"\t\t<div data-elementor-type=\"wp-page\" data-elementor-id=\"1549\" class=\"elementor elementor-1549\">\n\t\t\t\t<div class=\"elementor-element elementor-element-afb3031 e-flex e-con-boxed e-con e-parent\" data-id=\"afb3031\" data-element_type=\"container\" data-e-type=\"container\">\n\t\t\t\t\t<div class=\"e-con-inner\">\n\t\t\t\t<div class=\"elementor-element elementor-element-bdd55c1 elementor-widget elementor-widget-text-editor\" data-id=\"bdd55c1\" data-element_type=\"widget\" data-e-type=\"widget\" data-widget_type=\"text-editor.default\">\n\t\t\t\t<div class=\"elementor-widget-container\">\n\t\t\t\t\t\t\t\t\t<p>O regime geral de prote\u00e7\u00e3o de denunciantes de infra\u00e7\u00f5es disposto na\u00a0<a href=\"https:\/\/diariodarepublica.pt\/dr\/detalhe\/lei\/93-2021-176147929\" target=\"_blank\" rel=\"noopener\">Lei n.\u00ba 93\/2021<\/a>, de 20 de dezembro, protege a pessoa singular que denuncie ou divulgue publicamente uma infra\u00e7\u00e3o cometida.<br \/>Assegura-se a confidencialidade do processo de den\u00fancia. A identidade do denunciante s\u00f3 ser\u00e1 divulgada em decorr\u00eancia de obriga\u00e7\u00e3o legal ou de decis\u00e3o judicial. O Canal de Den\u00fancia assume um car\u00e1cter, essencialmente, preventivo, sendo um instrumento de autorregula\u00e7\u00e3o e autocontrolo que permitir\u00e1 ao Agrupamento de Escolas Maria do Carmo Serrote, perante factos conhecidos e relatados de boa-f\u00e9, atuar e corrigir eventuais atua\u00e7\u00f5es il\u00edcitas e prevenir a sua ocorr\u00eancia futura, garantindo o cumprimento da lei, regulamentos e procedimentos em vigor, tratando-se de uma atua\u00e7\u00e3o exclusivamente orientada para a prossecu\u00e7\u00e3o do interesse p\u00fablico.<br \/>O Agrupamento de Escolas Maria do Carmo Serrote disponibiliza o presente canal de den\u00fancias destinado a qualquer pessoa (alunos, encarregados de educa\u00e7\u00e3o, docentes, n\u00e3o docentes, membros da comunidade escolar&#8230;) para que possa transmitir, de forma direta e confidencial, qualquer pr\u00e1tica menos l\u00edcita ou alegada irregularidade, denunciando situa\u00e7\u00f5es como abuso de poder, ass\u00e9dio, fraude, entre outros.<\/p>\t\t\t\t\t\t\t\t<\/div>\n\t\t\t\t<\/div>\n\t\t\t\t\t<\/div>\n\t\t\t\t<\/div>\n\t\t<div class=\"elementor-element elementor-element-0f7a081 e-flex e-con-boxed e-con e-parent\" data-id=\"0f7a081\" data-element_type=\"container\" data-e-type=\"container\">\n\t\t\t\t\t<div class=\"e-con-inner\">\n\t\t\t\t<div class=\"elementor-element elementor-element-0216384 elementor-widget elementor-widget-button\" data-id=\"0216384\" data-element_type=\"widget\" data-e-type=\"widget\" data-widget_type=\"button.default\">\n\t\t\t\t<div class=\"elementor-widget-container\">\n\t\t\t\t\t\t\t\t\t<div class=\"elementor-button-wrapper\">\n\t\t\t\t\t<a class=\"elementor-button elementor-button-link elementor-size-sm\" href=\"https:\/\/tally.so\/r\/31RYlp\">\n\t\t\t\t\t\t<span class=\"elementor-button-content-wrapper\">\n\t\t\t\t\t\t\t\t\t<span class=\"elementor-button-text\">REGISTAR DEN\u00daNCIA<\/span>\n\t\t\t\t\t<\/span>\n\t\t\t\t\t<\/a>\n\t\t\t\t<\/div>\n\t\t\t\t\t\t\t\t<\/div>\n\t\t\t\t<\/div>\n\t\t\t\t\t<\/div>\n\t\t\t\t<\/div>\n\t\t<div class=\"elementor-element elementor-element-f1734cf e-flex e-con-boxed e-con e-parent\" data-id=\"f1734cf\" data-element_type=\"container\" data-e-type=\"container\">\n\t\t\t\t\t<div class=\"e-con-inner\">\n\t\t\t\t<div class=\"elementor-element elementor-element-a91f36f elementor-widget elementor-widget-text-editor\" data-id=\"a91f36f\" data-element_type=\"widget\" data-e-type=\"widget\" data-widget_type=\"text-editor.default\">\n\t\t\t\t<div class=\"elementor-widget-container\">\n\t\t\t\t\t\t\t\t\t<p>Eventuais reclama\u00e7\u00f5es relativas \u00e0 qualidade dos servi\u00e7os prestados devem ser comunicadas atrav\u00e9s do atual meio de contacto dispon\u00edvel (secretaria@aemcs.pt).<\/p>\t\t\t\t\t\t\t\t<\/div>\n\t\t\t\t<\/div>\n\t\t\t\t\t<\/div>\n\t\t\t\t<\/div>\n\t\t<div class=\"elementor-element elementor-element-7d907f0 e-flex e-con-boxed e-con e-parent\" data-id=\"7d907f0\" data-element_type=\"container\" data-e-type=\"container\">\n\t\t\t\t\t<div class=\"e-con-inner\">\n\t\t\t\t<div class=\"elementor-element elementor-element-6f962c4 elementor-widget elementor-widget-spacer\" data-id=\"6f962c4\" data-element_type=\"widget\" data-e-type=\"widget\" data-widget_type=\"spacer.default\">\n\t\t\t\t<div class=\"elementor-widget-container\">\n\t\t\t\t\t\t\t<div class=\"elementor-spacer\">\n\t\t\t<div class=\"elementor-spacer-inner\"><\/div>\n\t\t<\/div>\n\t\t\t\t\t\t<\/div>\n\t\t\t\t<\/div>\n\t\t\t\t\t<\/div>\n\t\t\t\t<\/div>\n\t\t<div class=\"elementor-element elementor-element-f3e100e e-flex e-con-boxed e-con e-parent\" data-id=\"f3e100e\" data-element_type=\"container\" data-e-type=\"container\">\n\t\t\t\t\t<div class=\"e-con-inner\">\n\t\t<div class=\"elementor-element elementor-element-c02a1b0 e-con-full e-flex e-con e-child\" data-id=\"c02a1b0\" data-element_type=\"container\" data-e-type=\"container\">\n\t\t\t\t<div class=\"elementor-element elementor-element-591a57a elementor-widget elementor-widget-button\" data-id=\"591a57a\" data-element_type=\"widget\" data-e-type=\"widget\" data-widget_type=\"button.default\">\n\t\t\t\t<div class=\"elementor-widget-container\">\n\t\t\t\t\t\t\t\t\t<div class=\"elementor-button-wrapper\">\n\t\t\t\t\t<a class=\"elementor-button elementor-button-link elementor-size-sm\" href=\"https:\/\/aemcs.pt\/site\/wp-content\/uploads\/2025\/05\/Plano-de-Prevencao-de-Riscos-de-Corrupcao-e-Infracoes-Conexas_final-1.pdf\" target=\"_blank\">\n\t\t\t\t\t\t<span class=\"elementor-button-content-wrapper\">\n\t\t\t\t\t\t\t\t\t<span class=\"elementor-button-text\">Plano de Preven\u00e7\u00e3o de Riscos de Corrup\u00e7\u00e3o e Infra\u00e7\u00f5es Conexas<\/span>\n\t\t\t\t\t<\/span>\n\t\t\t\t\t<\/a>\n\t\t\t\t<\/div>\n\t\t\t\t\t\t\t\t<\/div>\n\t\t\t\t<\/div>\n\t\t\t\t<\/div>\n\t\t<div class=\"elementor-element elementor-element-65a40aa e-con-full e-flex e-con e-child\" data-id=\"65a40aa\" data-element_type=\"container\" data-e-type=\"container\">\n\t\t\t\t<div class=\"elementor-element elementor-element-9e904a8 elementor-widget elementor-widget-button\" data-id=\"9e904a8\" data-element_type=\"widget\" data-e-type=\"widget\" data-widget_type=\"button.default\">\n\t\t\t\t<div class=\"elementor-widget-container\">\n\t\t\t\t\t\t\t\t\t<div class=\"elementor-button-wrapper\">\n\t\t\t\t\t<a class=\"elementor-button elementor-button-link elementor-size-sm\" href=\"https:\/\/aemcs.pt\/site\/wp-content\/uploads\/2025\/05\/AEMCS_codigo_conduta_anti_corrupcao-1.pdf\" target=\"_blank\">\n\t\t\t\t\t\t<span class=\"elementor-button-content-wrapper\">\n\t\t\t\t\t\t\t\t\t<span class=\"elementor-button-text\">C\u00f3digo de Conduta Para Preven\u00e7\u00e3o de Corrup\u00e7\u00e3o<\/span>\n\t\t\t\t\t<\/span>\n\t\t\t\t\t<\/a>\n\t\t\t\t<\/div>\n\t\t\t\t\t\t\t\t<\/div>\n\t\t\t\t<\/div>\n\t\t\t\t<\/div>\n\t\t\t\t\t<\/div>\n\t\t\t\t<\/div>\n\t\t\t\t<\/div>\n\t\t","protected":false},"excerpt":{"rendered":"<p>O regime geral de prote\u00e7\u00e3o de denunciantes de infra\u00e7\u00f5es disposto na\u00a0Lei n.\u00ba 93\/2021, de 20 de dezembro, protege a pessoa singular que denuncie ou divulgue publicamente uma infra\u00e7\u00e3o cometida.Assegura-se a confidencialidade do processo de den\u00fancia. A identidade do denunciante s\u00f3 ser\u00e1 divulgada em decorr\u00eancia de obriga\u00e7\u00e3o legal ou de decis\u00e3o judicial. O Canal de Den\u00fancia [&hellip;]<\/p>\n","protected":false},"author":1,"featured_media":0,"parent":0,"menu_order":0,"comment_status":"closed","ping_status":"closed","template":"","meta":{"footnotes":""},"categories":[],"tags":[],"class_list":["post-1549","page","type-page","status-publish","hentry"],"_links":{"self":[{"href":"https:\/\/aemcs.pt\/site\/wp-json\/wp\/v2\/pages\/1549","targetHints":{"allow":["GET"]}}],"collection":[{"href":"https:\/\/aemcs.pt\/site\/wp-json\/wp\/v2\/pages"}],"about":[{"href":"https:\/\/aemcs.pt\/site\/wp-json\/wp\/v2\/types\/page"}],"author":[{"embeddable":true,"href":"https:\/\/aemcs.pt\/site\/wp-json\/wp\/v2\/users\/1"}],"replies":[{"embeddable":true,"href":"https:\/\/aemcs.pt\/site\/wp-json\/wp\/v2\/comments?post=1549"}],"version-history":[{"count":25,"href":"https:\/\/aemcs.pt\/site\/wp-json\/wp\/v2\/pages\/1549\/revisions"}],"predecessor-version":[{"id":1740,"href":"https:\/\/aemcs.pt\/site\/wp-json\/wp\/v2\/pages\/1549\/revisions\/1740"}],"wp:attachment":[{"href":"https:\/\/aemcs.pt\/site\/wp-json\/wp\/v2\/media?parent=1549"}],"wp:term":[{"taxonomy":"category","embeddable":true,"href":"https:\/\/aemcs.pt\/site\/wp-json\/wp\/v2\/categories?post=1549"},{"taxonomy":"post_tag","embeddable":true,"href":"https:\/\/aemcs.pt\/site\/wp-json\/wp\/v2\/tags?post=1549"}],"curies":[{"name":"wp","href":"https:\/\/api.w.org\/{rel}","templated":true}]}}