{"id":1002,"date":"2025-01-16T15:59:13","date_gmt":"2025-01-16T15:59:13","guid":{"rendered":"https:\/\/aemcs.pt\/site\/?page_id=1002"},"modified":"2026-01-26T17:40:59","modified_gmt":"2026-01-26T17:40:59","slug":"cuco","status":"publish","type":"page","link":"https:\/\/aemcs.pt\/site\/cuco\/","title":{"rendered":"Cuco"},"content":{"rendered":"\t\t<div data-elementor-type=\"wp-page\" data-elementor-id=\"1002\" class=\"elementor elementor-1002\">\n\t\t\t\t<div class=\"elementor-element elementor-element-842ad0f e-flex e-con-boxed e-con e-parent\" data-id=\"842ad0f\" data-element_type=\"container\" data-e-type=\"container\">\n\t\t\t\t\t<div class=\"e-con-inner\">\n\t\t\t\t<div class=\"elementor-element elementor-element-2b9b27d elementor-widget elementor-widget-text-editor\" data-id=\"2b9b27d\" data-element_type=\"widget\" data-e-type=\"widget\" data-widget_type=\"text-editor.default\">\n\t\t\t\t<div class=\"elementor-widget-container\">\n\t\t\t\t\t\t\t\t\t<p>Sistema de Seguran\u00e7a por Firmware Cuco<\/p><p>&#8211; Aceder ao site <a href=\"https:\/\/cuco.inforlandia.pt\/ucode\/\" target=\"_blank\" rel=\"noopener\" data-saferedirecturl=\"https:\/\/www.google.com\/url?q=https:\/\/cuco.inforlandia.pt\/ucode\/&amp;source=gmail&amp;ust=1761209362619000&amp;usg=AOvVaw0QXp7pU-oDF0PomZj39CwF\">https:\/\/cuco.inforlandia.<wbr \/>pt\/ucode<\/a> ;<br \/>&#8211; Preencher os campos solicitados a partir do ecr\u00e3 azul do computador bloqueado ( O Serial Number do computador est\u00e1 na base junto ao c\u00f3digo de barras );<br \/>&#8211; Clique em mostrar C\u00f3digo;<br \/>&#8211; Insira o c\u00f3digo de desbloqueio no port\u00e1til bloqueado;<br \/>&#8211; Depois do windows iniciar ,\u00a0 executar a atualiza\u00e7\u00e3o do Sistema de Seguran\u00e7a CUCO, de forma a evitar futuros bloqueios, acedendo ao endere\u00e7o <a role=\"link\" href=\"https:\/\/cuco.softi9.pt\/updates?rel=outbound?rel=outbound\" target=\"_blank\" rel=\"outbound noopener noreferrer\" data-saferedirecturl=\"https:\/\/www.google.com\/url?q=https:\/\/cuco.softi9.pt\/updates?rel%3Doutbound?rel%3Doutbound&amp;source=gmail&amp;ust=1761209362619000&amp;usg=AOvVaw31XKNWWO-JqxO8C3Pyuhsr\">https:\/\/cuco.softi9.<wbr \/>pt\/updates <\/a>;<br \/>&#8211; Descarregue o utilit\u00e1rio;<br \/>&#8211; Execute\/instale a atualiza\u00e7\u00e3o;<br \/>&#8211; Reinicie o port\u00e1til ap\u00f3s a atualiza\u00e7\u00e3o.<\/p>\t\t\t\t\t\t\t\t<\/div>\n\t\t\t\t<\/div>\n\t\t\t\t\t<\/div>\n\t\t\t\t<\/div>\n\t\t\t\t<\/div>\n\t\t","protected":false},"excerpt":{"rendered":"<p>Sistema de Seguran\u00e7a por Firmware Cuco &#8211; Aceder ao site https:\/\/cuco.inforlandia.pt\/ucode ;&#8211; Preencher os campos solicitados a partir do ecr\u00e3 azul do computador bloqueado ( O Serial Number do computador est\u00e1 na base junto ao c\u00f3digo de barras );&#8211; Clique em mostrar C\u00f3digo;&#8211; Insira o c\u00f3digo de desbloqueio no port\u00e1til bloqueado;&#8211; Depois do windows iniciar [&hellip;]<\/p>\n","protected":false},"author":1,"featured_media":0,"parent":0,"menu_order":0,"comment_status":"closed","ping_status":"closed","template":"","meta":{"footnotes":""},"categories":[],"tags":[],"class_list":["post-1002","page","type-page","status-publish","hentry"],"_links":{"self":[{"href":"https:\/\/aemcs.pt\/site\/wp-json\/wp\/v2\/pages\/1002","targetHints":{"allow":["GET"]}}],"collection":[{"href":"https:\/\/aemcs.pt\/site\/wp-json\/wp\/v2\/pages"}],"about":[{"href":"https:\/\/aemcs.pt\/site\/wp-json\/wp\/v2\/types\/page"}],"author":[{"embeddable":true,"href":"https:\/\/aemcs.pt\/site\/wp-json\/wp\/v2\/users\/1"}],"replies":[{"embeddable":true,"href":"https:\/\/aemcs.pt\/site\/wp-json\/wp\/v2\/comments?post=1002"}],"version-history":[{"count":19,"href":"https:\/\/aemcs.pt\/site\/wp-json\/wp\/v2\/pages\/1002\/revisions"}],"predecessor-version":[{"id":2685,"href":"https:\/\/aemcs.pt\/site\/wp-json\/wp\/v2\/pages\/1002\/revisions\/2685"}],"wp:attachment":[{"href":"https:\/\/aemcs.pt\/site\/wp-json\/wp\/v2\/media?parent=1002"}],"wp:term":[{"taxonomy":"category","embeddable":true,"href":"https:\/\/aemcs.pt\/site\/wp-json\/wp\/v2\/categories?post=1002"},{"taxonomy":"post_tag","embeddable":true,"href":"https:\/\/aemcs.pt\/site\/wp-json\/wp\/v2\/tags?post=1002"}],"curies":[{"name":"wp","href":"https:\/\/api.w.org\/{rel}","templated":true}]}}